{"id":8,"date":"2020-07-16T15:15:23","date_gmt":"2020-07-16T13:15:23","guid":{"rendered":"https:\/\/ortho-hofmann.at\/?page_id=8"},"modified":"2020-07-26T15:03:03","modified_gmt":"2020-07-26T13:03:03","slug":"ueber-uns","status":"publish","type":"page","link":"https:\/\/www.ortho-hofmann.at\/?page_id=8","title":{"rendered":"Leistungsspektrum"},"content":{"rendered":"\n<p>Als Orthop\u00e4de und Sportarzt biete ich mit meinen spezialisierten Kollegen folgende Leistungen f\u00fcr Sie an:<\/p>\n\n\n\n<h2 class=\"wp-block-heading\"><strong>Leistungsspektrum<\/strong><\/h2>\n\n\n\n<ul><li>Diagnostik und Abkl\u00e4rung aller Gelenksbeschwerden<\/li><li>Infiltrationsbehandlungen<\/li><li>Eigenbluttherapie (PrP) bei Arthrose, Tennisellenbogen, Sehnenschmerzen und Sportverletzungen<\/li><li>Sto\u00dfwellenbehandlung bei Kalkschulter, Fersensporn und Sehnenschmerzen<\/li><li>Manuelle Medizin<\/li><li>Schmerztherapie nach Liebscher und Bracht<\/li><li>K\u00fcnstlicher Knie- und H\u00fcftgelenksersatz<\/li><li>Arthroskopische Eingriffe und Knie und Schulter<\/li><li>Vorfu\u00dfchirurgie<\/li><\/ul>\n\n\n\n<h2 class=\"wp-block-heading\"><strong>Gesamtes Spektrum der modernen Wirbels\u00e4ulenchirurgie:<\/strong><\/h2>\n\n\n\n<div class=\"wp-block-columns is-layout-flex wp-container-3 wp-block-columns-is-layout-flex\">\n<div class=\"wp-block-column is-layout-flow wp-block-column-is-layout-flow\">\n<ul><li>Minimalinvasive Bandscheibenoperationen (Mikrochirurgisch, Endoskopisch)<\/li><li>Mikroskopische Dekompression bei engem Spinalkanal<\/li><li>Bandscheibenoperationen an der Halswirbels\u00e4ule<\/li><li>Minimalinvasive Stabilisierungsoperationen an der gesamten Wirbels\u00e4ule<\/li><\/ul>\n<\/div>\n\n\n\n<div class=\"wp-block-column is-layout-flow wp-block-column-is-layout-flow\">\n<figure class=\"wp-block-image size-medium is-style-rounded\"><img decoding=\"async\" loading=\"lazy\" width=\"193\" height=\"300\" src=\"https:\/\/ortho-hofmann.at\/wp-content\/uploads\/2020\/07\/nino-liverani-CKxD_Qh6ULY-unsplash-193x300.jpg\" alt=\"\" class=\"wp-image-64\" srcset=\"https:\/\/www.ortho-hofmann.at\/wp-content\/uploads\/2020\/07\/nino-liverani-CKxD_Qh6ULY-unsplash-193x300.jpg 193w, https:\/\/www.ortho-hofmann.at\/wp-content\/uploads\/2020\/07\/nino-liverani-CKxD_Qh6ULY-unsplash-657x1024.jpg 657w, https:\/\/www.ortho-hofmann.at\/wp-content\/uploads\/2020\/07\/nino-liverani-CKxD_Qh6ULY-unsplash-768x1197.jpg 768w, https:\/\/www.ortho-hofmann.at\/wp-content\/uploads\/2020\/07\/nino-liverani-CKxD_Qh6ULY-unsplash-986x1536.jpg 986w, https:\/\/www.ortho-hofmann.at\/wp-content\/uploads\/2020\/07\/nino-liverani-CKxD_Qh6ULY-unsplash.jpg 1182w\" sizes=\"(max-width: 193px) 100vw, 193px\" \/><figcaption>Schemata einer Wirbels\u00e4ule<\/figcaption><\/figure>\n<\/div>\n<\/div>\n","protected":false},"excerpt":{"rendered":"<p>Als Orthop\u00e4de und Sportarzt biete ich mit meinen spezialisierten Kollegen folgende Leistungen f\u00fcr Sie an: Leistungsspektrum Diagnostik und Abkl\u00e4rung aller Gelenksbeschwerden Infiltrationsbehandlungen Eigenbluttherapie (PrP) bei Arthrose, Tennisellenbogen, Sehnenschmerzen und Sportverletzungen Sto\u00dfwellenbehandlung bei Kalkschulter, Fersensporn und Sehnenschmerzen Manuelle Medizin Schmerztherapie nach Liebscher und Bracht K\u00fcnstlicher Knie- und H\u00fcftgelenksersatz Arthroskopische Eingriffe und Knie und Schulter Vorfu\u00dfchirurgie Gesamtes &hellip; <\/p>\n<p class=\"link-more\"><a href=\"https:\/\/www.ortho-hofmann.at\/?page_id=8\" class=\"more-link\"><span class=\"screen-reader-text\">\u201eLeistungsspektrum\u201c<\/span> weiterlesen<\/a><\/p>\n","protected":false},"author":2,"featured_media":0,"parent":0,"menu_order":0,"comment_status":"closed","ping_status":"closed","template":"","meta":{"footnotes":""},"_links":{"self":[{"href":"https:\/\/www.ortho-hofmann.at\/index.php?rest_route=\/wp\/v2\/pages\/8"}],"collection":[{"href":"https:\/\/www.ortho-hofmann.at\/index.php?rest_route=\/wp\/v2\/pages"}],"about":[{"href":"https:\/\/www.ortho-hofmann.at\/index.php?rest_route=\/wp\/v2\/types\/page"}],"author":[{"embeddable":true,"href":"https:\/\/www.ortho-hofmann.at\/index.php?rest_route=\/wp\/v2\/users\/2"}],"replies":[{"embeddable":true,"href":"https:\/\/www.ortho-hofmann.at\/index.php?rest_route=%2Fwp%2Fv2%2Fcomments&post=8"}],"version-history":[{"count":7,"href":"https:\/\/www.ortho-hofmann.at\/index.php?rest_route=\/wp\/v2\/pages\/8\/revisions"}],"predecessor-version":[{"id":66,"href":"https:\/\/www.ortho-hofmann.at\/index.php?rest_route=\/wp\/v2\/pages\/8\/revisions\/66"}],"wp:attachment":[{"href":"https:\/\/www.ortho-hofmann.at\/index.php?rest_route=%2Fwp%2Fv2%2Fmedia&parent=8"}],"curies":[{"name":"wp","href":"https:\/\/api.w.org\/{rel}","templated":true}]}}