{"id":79,"date":"2020-07-26T15:44:06","date_gmt":"2020-07-26T13:44:06","guid":{"rendered":"https:\/\/ortho-hofmann.at\/?page_id=79"},"modified":"2022-02-02T17:31:55","modified_gmt":"2022-02-02T16:31:55","slug":"impressum","status":"publish","type":"page","link":"https:\/\/www.ortho-hofmann.at\/?page_id=79","title":{"rendered":"Impressum"},"content":{"rendered":"\n<p>Dr. Florian Johannes Hofmann &#8211; Orthop\u00e4de<\/p>\n\n\n\n<p><strong>Ordination Strasswalchen<\/strong><\/p>\n\n\n\n<p>K\u00f6stendorferstrasse 4<br>5204 Stra\u00dfwalchen<\/p>\n\n\n\n<p>Wahlarzt aller Kassen<\/p>\n\n\n\n<p>Tel: <a href=\"tel:+4362156000\">0<\/a><a href=\"tel:+43662630400\">662 630400<\/a><\/p>\n\n\n\n<p>e-mail: <a href=\"mailto:praxis@ortho-hofmann.at?subject=Anfrage%20via%20Webseite\">praxis@ortho-hofmann.at<\/a><\/p>\n","protected":false},"excerpt":{"rendered":"<p>Dr. Florian Johannes Hofmann &#8211; Orthop\u00e4de Ordination Strasswalchen K\u00f6stendorferstrasse 45204 Stra\u00dfwalchen Wahlarzt aller Kassen Tel: 0662 630400 e-mail: praxis@ortho-hofmann.at<\/p>\n","protected":false},"author":2,"featured_media":0,"parent":0,"menu_order":0,"comment_status":"closed","ping_status":"closed","template":"","meta":{"footnotes":""},"_links":{"self":[{"href":"https:\/\/www.ortho-hofmann.at\/index.php?rest_route=\/wp\/v2\/pages\/79"}],"collection":[{"href":"https:\/\/www.ortho-hofmann.at\/index.php?rest_route=\/wp\/v2\/pages"}],"about":[{"href":"https:\/\/www.ortho-hofmann.at\/index.php?rest_route=\/wp\/v2\/types\/page"}],"author":[{"embeddable":true,"href":"https:\/\/www.ortho-hofmann.at\/index.php?rest_route=\/wp\/v2\/users\/2"}],"replies":[{"embeddable":true,"href":"https:\/\/www.ortho-hofmann.at\/index.php?rest_route=%2Fwp%2Fv2%2Fcomments&post=79"}],"version-history":[{"count":2,"href":"https:\/\/www.ortho-hofmann.at\/index.php?rest_route=\/wp\/v2\/pages\/79\/revisions"}],"predecessor-version":[{"id":103,"href":"https:\/\/www.ortho-hofmann.at\/index.php?rest_route=\/wp\/v2\/pages\/79\/revisions\/103"}],"wp:attachment":[{"href":"https:\/\/www.ortho-hofmann.at\/index.php?rest_route=%2Fwp%2Fv2%2Fmedia&parent=79"}],"curies":[{"name":"wp","href":"https:\/\/api.w.org\/{rel}","templated":true}]}}