{"id":51,"date":"2020-07-22T11:52:18","date_gmt":"2020-07-22T09:52:18","guid":{"rendered":"https:\/\/ortho-hofmann.at\/?page_id=51"},"modified":"2020-07-26T15:06:28","modified_gmt":"2020-07-26T13:06:28","slug":"spezialisierung","status":"publish","type":"page","link":"https:\/\/www.ortho-hofmann.at\/?page_id=51","title":{"rendered":"Spezialisierung"},"content":{"rendered":"\n<h2 class=\"wp-block-heading\">Spezialisierung:<\/h2>\n\n\n\n<blockquote class=\"wp-block-quote\"><p>R\u00f6ntgengezielte Schmerztherapie an der gesamten Wirbels\u00e4ule (SIS-Kriterien)<\/p><p>Denervationsbehandlungen bei chron. Schmerzen (Ver\u00f6dung von schmerzzuf\u00fchrenden Nerven\u00e4sten)<\/p><p>Interdisziplin\u00e4re Schmerztherapie mit andere Experten<\/p><p>Intensive Vernetzung mit Experten aus anderen Fachrichtungen<\/p><\/blockquote>\n\n\n\n<figure class=\"wp-block-image size-large is-resized is-style-rounded\"><img decoding=\"async\" loading=\"lazy\" src=\"https:\/\/ortho-hofmann.at\/wp-content\/uploads\/2020\/07\/joyce-mccown-IG96K_HiDk0-unsplash.jpg\" alt=\"\" class=\"wp-image-67\" width=\"512\" height=\"417\" srcset=\"https:\/\/www.ortho-hofmann.at\/wp-content\/uploads\/2020\/07\/joyce-mccown-IG96K_HiDk0-unsplash.jpg 1024w, https:\/\/www.ortho-hofmann.at\/wp-content\/uploads\/2020\/07\/joyce-mccown-IG96K_HiDk0-unsplash-300x244.jpg 300w, https:\/\/www.ortho-hofmann.at\/wp-content\/uploads\/2020\/07\/joyce-mccown-IG96K_HiDk0-unsplash-768x626.jpg 768w\" sizes=\"(max-width: 512px) 100vw, 512px\" \/><\/figure>\n\n\n\n<p><\/p>\n","protected":false},"excerpt":{"rendered":"<p>Spezialisierung: R\u00f6ntgengezielte Schmerztherapie an der gesamten Wirbels\u00e4ule (SIS-Kriterien) Denervationsbehandlungen bei chron. Schmerzen (Ver\u00f6dung von schmerzzuf\u00fchrenden Nerven\u00e4sten) Interdisziplin\u00e4re Schmerztherapie mit andere Experten Intensive Vernetzung mit Experten aus anderen Fachrichtungen<\/p>\n","protected":false},"author":2,"featured_media":0,"parent":0,"menu_order":0,"comment_status":"closed","ping_status":"closed","template":"","meta":{"footnotes":""},"_links":{"self":[{"href":"https:\/\/www.ortho-hofmann.at\/index.php?rest_route=\/wp\/v2\/pages\/51"}],"collection":[{"href":"https:\/\/www.ortho-hofmann.at\/index.php?rest_route=\/wp\/v2\/pages"}],"about":[{"href":"https:\/\/www.ortho-hofmann.at\/index.php?rest_route=\/wp\/v2\/types\/page"}],"author":[{"embeddable":true,"href":"https:\/\/www.ortho-hofmann.at\/index.php?rest_route=\/wp\/v2\/users\/2"}],"replies":[{"embeddable":true,"href":"https:\/\/www.ortho-hofmann.at\/index.php?rest_route=%2Fwp%2Fv2%2Fcomments&post=51"}],"version-history":[{"count":2,"href":"https:\/\/www.ortho-hofmann.at\/index.php?rest_route=\/wp\/v2\/pages\/51\/revisions"}],"predecessor-version":[{"id":68,"href":"https:\/\/www.ortho-hofmann.at\/index.php?rest_route=\/wp\/v2\/pages\/51\/revisions\/68"}],"wp:attachment":[{"href":"https:\/\/www.ortho-hofmann.at\/index.php?rest_route=%2Fwp%2Fv2%2Fmedia&parent=51"}],"curies":[{"name":"wp","href":"https:\/\/api.w.org\/{rel}","templated":true}]}}