{"id":39,"date":"2020-07-22T11:40:55","date_gmt":"2020-07-22T09:40:55","guid":{"rendered":"https:\/\/ortho-hofmann.at\/?page_id=39"},"modified":"2023-02-20T14:02:31","modified_gmt":"2023-02-20T13:02:31","slug":"home","status":"publish","type":"page","link":"https:\/\/www.ortho-hofmann.at\/","title":{"rendered":"Home"},"content":{"rendered":"\n<h1 class=\"wp-block-heading\">Willkommen bei Dr.  Hofmann<\/h1>\n\n\n\n<ul><li><span style=\"color:#0313a8\" class=\"has-inline-color\"><strong>Facharzt f\u00fcr Orthop\u00e4die und Orthop\u00e4dische Chirurgie<\/strong><\/span><\/li><li><span style=\"color:#0313a8\" class=\"has-inline-color\"><strong>Arzt f\u00fcr Allgemeinmedizin<\/strong><\/span><\/li><li><span style=\"color:#0313a8\" class=\"has-inline-color\"><strong>Diplom f\u00fcr manuelle Medizin<\/strong><\/span><\/li><li><span style=\"color:#0313a8\" class=\"has-inline-color\"><strong>Schmerztherapie nach Liebscher und Bracht<\/strong><\/span><\/li><\/ul>\n\n\n\n<h2 class=\"wp-block-heading\">Erfahrungen von Dr. Florian Johannes Hofmann<\/h2>\n\n\n\n<p>Langj\u00e4hrige Erfahrung als leitender Oberarzt mit Sondervereinbarung f\u00fcr Wirbels\u00e4ulenchirurgie an der Universit\u00e4tsklinik f\u00fcr Orthop\u00e4die und Traumatologie der PMU Salzburg.<\/p>\n\n\n\n<p>Spezialisierte Ausbildung in nicht operativer (konservativer) und operativer Wirbels\u00e4ulenorthop\u00e4die und Wirbels\u00e4ulenchirurgie, sowie in Fu\u00dfchirurgie, Allgemeinorthop\u00e4die (Ersatz von Knie- und H\u00fcftgelenken und Gelenksspiegelung (Arthroskopie)).<\/p>\n\n\n\n<p>Hier ein Video von Dr. Hofmann, mit Erkl\u00e4rungen zu Wirbels\u00e4ulen-Operationen: <a href=\"https:\/\/www.youtube.com\/watch?v=MRPb6Zc38S4\">https:\/\/www.youtube.com\/watch?v=MRPb6Zc38S4<\/a><\/p>\n\n\n\n<div id=\"termin\"><\/div>\n\n\n\n<h2 class=\"wp-block-heading\">Terminvereinbarung &#8211; Kalender<\/h2>\n\n\n\n<\/div><section data-toggle=\"doc-calendar\" data-picture=\"1\" data-doctor-eid=\"ce395569-c31f-41a4-9d4c-567489bf584e\" data-language=\"de\"> <\/section>\n         <script src=\"https:\/\/api.patient.doctena.at\/js\/widgetBooking\/calendar\/build.php\"><\/script>\n\n\n\n<p><\/p>\n\n\n\n<div class=\"wp-block-columns is-layout-flex wp-container-3 wp-block-columns-is-layout-flex\">\n<div class=\"wp-block-column is-layout-flow wp-block-column-is-layout-flow\" style=\"flex-basis:33.33%\"><\/div>\n\n\n\n<div class=\"wp-block-column is-layout-flow wp-block-column-is-layout-flow\" style=\"flex-basis:66.66%\"><\/div>\n<\/div>\n\n\n\n<p><\/p>\n","protected":false},"excerpt":{"rendered":"<p>Willkommen bei Dr. Hofmann Facharzt f\u00fcr Orthop\u00e4die und Orthop\u00e4dische Chirurgie Arzt f\u00fcr Allgemeinmedizin Diplom f\u00fcr manuelle Medizin Schmerztherapie nach Liebscher und Bracht Erfahrungen von Dr. Florian Johannes Hofmann Langj\u00e4hrige Erfahrung als leitender Oberarzt mit Sondervereinbarung f\u00fcr Wirbels\u00e4ulenchirurgie an der Universit\u00e4tsklinik f\u00fcr Orthop\u00e4die und Traumatologie der PMU Salzburg. Spezialisierte Ausbildung in nicht operativer (konservativer) und operativer &hellip; <\/p>\n<p class=\"link-more\"><a href=\"https:\/\/www.ortho-hofmann.at\/\" class=\"more-link\"><span class=\"screen-reader-text\">\u201eHome\u201c<\/span> weiterlesen<\/a><\/p>\n","protected":false},"author":2,"featured_media":0,"parent":0,"menu_order":0,"comment_status":"closed","ping_status":"closed","template":"","meta":{"footnotes":""},"_links":{"self":[{"href":"https:\/\/www.ortho-hofmann.at\/index.php?rest_route=\/wp\/v2\/pages\/39"}],"collection":[{"href":"https:\/\/www.ortho-hofmann.at\/index.php?rest_route=\/wp\/v2\/pages"}],"about":[{"href":"https:\/\/www.ortho-hofmann.at\/index.php?rest_route=\/wp\/v2\/types\/page"}],"author":[{"embeddable":true,"href":"https:\/\/www.ortho-hofmann.at\/index.php?rest_route=\/wp\/v2\/users\/2"}],"replies":[{"embeddable":true,"href":"https:\/\/www.ortho-hofmann.at\/index.php?rest_route=%2Fwp%2Fv2%2Fcomments&post=39"}],"version-history":[{"count":21,"href":"https:\/\/www.ortho-hofmann.at\/index.php?rest_route=\/wp\/v2\/pages\/39\/revisions"}],"predecessor-version":[{"id":118,"href":"https:\/\/www.ortho-hofmann.at\/index.php?rest_route=\/wp\/v2\/pages\/39\/revisions\/118"}],"wp:attachment":[{"href":"https:\/\/www.ortho-hofmann.at\/index.php?rest_route=%2Fwp%2Fv2%2Fmedia&parent=39"}],"curies":[{"name":"wp","href":"https:\/\/api.w.org\/{rel}","templated":true}]}}